{"id":36,"date":"2021-11-26T16:22:42","date_gmt":"2021-11-26T16:22:42","guid":{"rendered":"https:\/\/azv-buetzfleth-assel.de\/2021\/?page_id=36"},"modified":"2021-12-13T22:30:48","modified_gmt":"2021-12-13T22:30:48","slug":"datenschutzerklaerung","status":"publish","type":"page","link":"https:\/\/azv-buetzfleth-assel.de\/?page_id=36","title":{"rendered":"Datenschutzerkl\u00e4rung"},"content":{"rendered":"\n<p>&nbsp;<\/p>\n\n\n\n<p>&nbsp;<\/p>\n\n\n\n<p>Den Schutz Ihrer Daten nehmen wir sehr ernst. Wir behandeln Ihre personenbezogenen Daten<br>vertraulich und entsprechend den gesetzlichen Datenschutzvorschriften.<br>Sie k\u00f6nnen durch Links auf unserer Website zu anderen, externen Webseiten weiteregeleitet<br>werden, dann endet diese Datenschutzerkl\u00e4rung und es gilt die jeweilige Datenschutzerkl\u00e4rung der<br>Zielseite.<br>Unsere Webseite nutzt aus Sicherheitsgr\u00fcnden und zum Schutz der \u00dcbertragung vertraulicher Inhalte<br>eine SSL- bzw. TLS-Verschl\u00fcsselung. Eine verschl\u00fcsselte Verbindung erkennen Sie an der Adresszeile<br>des Browsers, die mit \u201chttps:\/\/\u201d beginnt und an dem Schloss-Symbol in Ihrer Browserzeile. Wenn die<br>SSL- bzw. TLS-Verschl\u00fcsselung aktiviert ist, ist der Transportweg zwischen dem Client (z. B. Browser)<br>und dem Server verschl\u00fcsselt.<br>Wir weisen darauf hin, dass die Daten\u00fcbertragung im Internet (z.B. per E-Mail) Sicherheitsl\u00fccken<br>aufweisen kann. Ein l\u00fcckenloser Schutz der Daten vor dem Zugriff durch Dritte ist nicht m\u00f6glich.<br><\/p>\n\n\n\n<p>Verantwortliche Stelle<\/p>\n\n\n\n<p>Betreiber dieser Website und verantwortlich f\u00fcr die Datenverarbeitung aus dieser Webseite ist der<\/p>\n\n\n\n<p>Abwasserzweckverband B\u00fctzfleth \/ Assel<br>vertreten durch die Gesch\u00e4ftsf\u00fchrerin Malis Br\u00f6cker<br>Kirchstr. 13<br>21683 Stade-B\u00fctzfleth<br>Tel.: 04146 &#8211; 5999<br><br>Die verantwortliche Stelle entscheidet allein oder gemeinsam mit anderen \u00fcber die Zwecke und<br>Mittel der Verarbeitung von personenbezogenen Daten (z.B. Namen, E-Mail-Adressen o. \u00c4.).<br><br><br>Datenerhebung<\/p>\n\n\n\n<p>Durch Nutzung unserer Webseite erkl\u00e4ren Sie sich mit der Erhebung, Verarbeitung und Nutzung von<br>\u00fcbermittelten Daten gem\u00e4\u00df der nachfolgenden Beschreibung einverstanden.<br><br>Beim Aufrufen unserer Website https:\/\/azv-buetzfleth-assel.de werden durch den verwendeten<br>Browser oder App automatisch Informationen an den Server unserer Website gesendet. Diese<br>Informationen werden tempor\u00e4r bis zur automatischen L\u00f6schung in einem Logfile gespeichert.<\/p>\n\n\n\n<p>Automatisch erfasste Informationen:<br>Betriebssystem Ihres Rechners und des von Ihnen verwendeten Browsers oder App,<br>Website, von der aus Sie uns besuchen (Referrer-URL),<br>Name und URL der abgerufenen Datei,<br>Datum und Uhrzeit des Abrufs,<br>Information, ob der Abruf erfolgreich war,<br>IP-Adresse die Ihrem zum Abruf verwendeten Endger\u00e4t von Ihrem Internet-Access Providers<br>zugewiesen wurde,<br>Hostname des verwendeten Endger\u00e4tes Diese Daten werden durch uns zu folgenden Zwecken verarbeitet:<br><br>Gew\u00e4hrleistung einer reibungslosen und komfortablen Nutzung dieser Website,<br>Auswertung der Systemsicherheit und \u2013stabilit\u00e4t,<br>Erm\u00f6glichung der Netzinfrastruktur und technischer Administration,<br>Statistikerstellung zu anderer administrativer Zwecke.<br><br>Die IP-Adresse wird nur bei Angriffen auf die Netzinfrastruktur sowie zu statistischen Zwecken<br>ausgewertet, ohne dass R\u00fcckschl\u00fcsse auf Ihre Person gezogen werden.<br><br><br>E-Mails<\/p>\n\n\n\n<p>Wenn Sie uns eine E-Mail senden, werden diese Daten von uns gespeichert. Die Verarbeitung basiert<br>auf Grundlage Ihrer freiwillig erteilten Einwilligung nach \u00a7 6 Abs. 1 S. 1a) DSGVO.<\/p>\n\n\n\n<p>Cookies<\/p>\n\n\n\n<p>Wir verwenden keine Cookies auf dieser Webseite.<\/p>\n\n\n\n<p>Widerruf Ihrer Einwilligung zur Datenverarbeitung<br><br>Nur mit Ihrer ausdr\u00fccklichen Einwilligung sind einige Vorg\u00e4nge der Datenverarbeitung m\u00f6glich. Ein<br>Widerruf Ihrer bereits erteilten Einwilligung ist jederzeit m\u00f6glich. F\u00fcr den Widerruf gen\u00fcgt eine<br>formlose Mitteilung per E-Mail. Die Rechtm\u00e4\u00dfigkeit der bis zum Widerruf erfolgten<br>Datenverarbeitung bleibt vom Widerruf unber\u00fchrt.<br><br><br>Beschwerderecht bei der zust\u00e4ndigen Aufsichtsbeh\u00f6rde<br><br>Im Falle datenschutzrechtlicher Verst\u00f6\u00dfe steht dem Betroffenen ein Beschwerderecht bei einer<br>zust\u00e4ndigen Aufsichtsbeh\u00f6rde zu.<br>Zust\u00e4ndige Aufsichtsbeh\u00f6rde bez\u00fcglich datenschutzrechtlicher Fragen ist der<\/p>\n\n\n\n<p>Landesdatenschutzbeauftragte des Bundeslandes, in dem wir als Seitenbetreiber unseren Sitz haben.<br>https:\/\/www.bfdi.bund.de\/DE\/Infothek\/Anschriften_Links\/anschriften_links-node.html<br><br>Recht auf Daten\u00fcbertragbarkeit<br>Ihnen steht das Recht zu, Daten, die ich auf Grundlage Ihrer Einwilligung oder in Erf\u00fcllung eines<br>Vertrags automatisiert verarbeite, an sich oder an Dritte aush\u00e4ndigen zu lassen. Die Bereitstellung<br>erfolgt in einem maschinenlesbaren Format. Sofern Sie die direkte \u00dcbertragung der Daten an einen<br>anderen Verantwortlichen verlangen, erfolgt dies nur, soweit es technisch m\u00f6glich ist.<\/p>\n","protected":false},"excerpt":{"rendered":"<p>&nbsp; &nbsp; Den Schutz Ihrer Daten nehmen wir sehr ernst. Wir behandeln Ihre personenbezogenen Datenvertraulich und entsprechend den gesetzlichen Datenschutzvorschriften.Sie k\u00f6nnen durch Links auf unserer Website zu anderen, externen Webseiten weiteregeleitetwerden, dann endet diese Datenschutzerkl\u00e4rung und es gilt die jeweilige Datenschutzerkl\u00e4rung derZielseite.Unsere Webseite nutzt aus Sicherheitsgr\u00fcnden und zum Schutz der \u00dcbertragung vertraulicher Inhalteeine SSL- bzw. [&hellip;]<\/p>\n","protected":false},"author":1,"featured_media":0,"parent":0,"menu_order":0,"comment_status":"closed","ping_status":"closed","template":"","meta":{"footnotes":""},"class_list":["post-36","page","type-page","status-publish","hentry"],"_links":{"self":[{"href":"https:\/\/azv-buetzfleth-assel.de\/index.php?rest_route=\/wp\/v2\/pages\/36","targetHints":{"allow":["GET"]}}],"collection":[{"href":"https:\/\/azv-buetzfleth-assel.de\/index.php?rest_route=\/wp\/v2\/pages"}],"about":[{"href":"https:\/\/azv-buetzfleth-assel.de\/index.php?rest_route=\/wp\/v2\/types\/page"}],"author":[{"embeddable":true,"href":"https:\/\/azv-buetzfleth-assel.de\/index.php?rest_route=\/wp\/v2\/users\/1"}],"replies":[{"embeddable":true,"href":"https:\/\/azv-buetzfleth-assel.de\/index.php?rest_route=%2Fwp%2Fv2%2Fcomments&post=36"}],"version-history":[{"count":3,"href":"https:\/\/azv-buetzfleth-assel.de\/index.php?rest_route=\/wp\/v2\/pages\/36\/revisions"}],"predecessor-version":[{"id":70,"href":"https:\/\/azv-buetzfleth-assel.de\/index.php?rest_route=\/wp\/v2\/pages\/36\/revisions\/70"}],"wp:attachment":[{"href":"https:\/\/azv-buetzfleth-assel.de\/index.php?rest_route=%2Fwp%2Fv2%2Fmedia&parent=36"}],"curies":[{"name":"wp","href":"https:\/\/api.w.org\/{rel}","templated":true}]}}