{"id":5,"date":"2021-11-22T20:16:02","date_gmt":"2021-11-22T20:16:02","guid":{"rendered":"https:\/\/azv-buetzfleth-assel.de\/2021\/?page_id=5"},"modified":"2025-08-07T09:38:28","modified_gmt":"2025-08-07T09:38:28","slug":"home","status":"publish","type":"page","link":"https:\/\/azv-buetzfleth-assel.de\/","title":{"rendered":"Home"},"content":{"rendered":"\n<p>Herzlich willkommen beim Abwasserzweckverband B\u00fctzfleth\/Assel.<\/p>\n\n\n\n<p>Der Abwasserzweckverband B\u00fctzfleth\/Assel ist f\u00fcr die umwelt- und ressourcenschonende Beseitigung von Abwasser, sowie f\u00fcr den Bau und die Unterhaltung des Kanalsystems in den Ortschaften B\u00fctzfleth und Assel zust\u00e4ndig. Au\u00dferdem ist der Abwasserzweckverband B\u00fctzfleth\/Assel f\u00fcr den Anschluss neu zu bebauender Grundst\u00fccke zust\u00e4ndig.<\/p>\n\n\n\n<p><\/p>\n\n\n\n<p><\/p>\n","protected":false},"excerpt":{"rendered":"<p>Herzlich willkommen beim Abwasserzweckverband B\u00fctzfleth\/Assel. Der Abwasserzweckverband B\u00fctzfleth\/Assel ist f\u00fcr die umwelt- und ressourcenschonende Beseitigung von Abwasser, sowie f\u00fcr den Bau und die Unterhaltung des Kanalsystems in den Ortschaften B\u00fctzfleth und Assel zust\u00e4ndig. Au\u00dferdem ist der Abwasserzweckverband B\u00fctzfleth\/Assel f\u00fcr den Anschluss neu zu bebauender Grundst\u00fccke zust\u00e4ndig.<\/p>\n","protected":false},"author":1,"featured_media":0,"parent":0,"menu_order":1,"comment_status":"closed","ping_status":"closed","template":"","meta":{"footnotes":""},"class_list":["post-5","page","type-page","status-publish","hentry"],"_links":{"self":[{"href":"https:\/\/azv-buetzfleth-assel.de\/index.php?rest_route=\/wp\/v2\/pages\/5","targetHints":{"allow":["GET"]}}],"collection":[{"href":"https:\/\/azv-buetzfleth-assel.de\/index.php?rest_route=\/wp\/v2\/pages"}],"about":[{"href":"https:\/\/azv-buetzfleth-assel.de\/index.php?rest_route=\/wp\/v2\/types\/page"}],"author":[{"embeddable":true,"href":"https:\/\/azv-buetzfleth-assel.de\/index.php?rest_route=\/wp\/v2\/users\/1"}],"replies":[{"embeddable":true,"href":"https:\/\/azv-buetzfleth-assel.de\/index.php?rest_route=%2Fwp%2Fv2%2Fcomments&post=5"}],"version-history":[{"count":2,"href":"https:\/\/azv-buetzfleth-assel.de\/index.php?rest_route=\/wp\/v2\/pages\/5\/revisions"}],"predecessor-version":[{"id":90,"href":"https:\/\/azv-buetzfleth-assel.de\/index.php?rest_route=\/wp\/v2\/pages\/5\/revisions\/90"}],"wp:attachment":[{"href":"https:\/\/azv-buetzfleth-assel.de\/index.php?rest_route=%2Fwp%2Fv2%2Fmedia&parent=5"}],"curies":[{"name":"wp","href":"https:\/\/api.w.org\/{rel}","templated":true}]}}