{"id":7,"date":"2021-11-22T20:16:48","date_gmt":"2021-11-22T20:16:48","guid":{"rendered":"https:\/\/azv-buetzfleth-assel.de\/2021\/?page_id=7"},"modified":"2025-11-12T10:51:53","modified_gmt":"2025-11-12T10:51:53","slug":"ueber-uns","status":"publish","type":"page","link":"https:\/\/azv-buetzfleth-assel.de\/?page_id=7","title":{"rendered":"\u00dcber uns"},"content":{"rendered":"\n<p>&nbsp;<\/p>\n\n\n\n<p>&nbsp;<\/p>\n\n\n\n<p>Der Abwasserzweckverband B\u00fctzfleth \/ Assel (AZV) unterh\u00e4lt in den Ortschaften Assel und B\u00fctzfleth, ein Schmutzwasserkanalnetz, an das insgesamt ca. 2530 Privat- und Gesch\u00e4ftshaushalte sowie Industriebetriebe angeschlossen sind.<\/p>\n\n\n\n<p>Die hier anfallenden und zur Entsorgung bestimmten Abw\u00e4sser werden durch Schmutzwassergef\u00e4lle- und Druckrohrleitungen mit einer Gesamtl\u00e4nge von rund 65 Km zum Kl\u00e4rwerk der Abwasserentsorgung Stade (AES) gepumpt.<\/p>\n\n\n\n<p>Daneben m\u00fcssen die Inhalte aus rund 220 Kleinkl\u00e4ranlagen und abflusslosen Sammelgruben in verschiedenen Intervallen entleert und mit Spezialfahrzeugen zum Kl\u00e4rwerk der AES gefahren werden.<\/p>\n\n\n\n<p>F\u00fcr den reibungslosen Transport der Abw\u00e4sser unterh\u00e4lt der AZV im Verbandsgebiet insgesamt 26 Hauptpump- und 34 Schneidkopfpumpwerke.<\/p>\n\n\n\n<p>Dies gilt ebenfalls f\u00fcr Bedarfsentleerungen der Sammelgruben verschiedener Industriebetriebe.<\/p>\n\n\n\n<p>Die Angelegenheiten des Abwasserzweckverbandes B\u00fctzfleth\/Assel, werden durch die Verbandsversammlung \u00fcberwacht. Die der Verbandsversammlung angeh\u00f6rigen kommunalen Verbandsmitglieder sind Vertreter und Vertreterinnen der Hansestadt Stade und der Gemeinde Drochtersen.<\/p>\n\n\n\n<p><\/p>\n","protected":false},"excerpt":{"rendered":"<p>&nbsp; &nbsp; Der Abwasserzweckverband B\u00fctzfleth \/ Assel (AZV) unterh\u00e4lt in den Ortschaften Assel und B\u00fctzfleth, ein Schmutzwasserkanalnetz, an das insgesamt ca. 2530 Privat- und Gesch\u00e4ftshaushalte sowie Industriebetriebe angeschlossen sind. Die hier anfallenden und zur Entsorgung bestimmten Abw\u00e4sser werden durch Schmutzwassergef\u00e4lle- und Druckrohrleitungen mit einer Gesamtl\u00e4nge von rund 65 Km zum Kl\u00e4rwerk der Abwasserentsorgung Stade (AES) [&hellip;]<\/p>\n","protected":false},"author":1,"featured_media":0,"parent":0,"menu_order":2,"comment_status":"closed","ping_status":"closed","template":"","meta":{"footnotes":""},"class_list":["post-7","page","type-page","status-publish","hentry"],"_links":{"self":[{"href":"https:\/\/azv-buetzfleth-assel.de\/index.php?rest_route=\/wp\/v2\/pages\/7","targetHints":{"allow":["GET"]}}],"collection":[{"href":"https:\/\/azv-buetzfleth-assel.de\/index.php?rest_route=\/wp\/v2\/pages"}],"about":[{"href":"https:\/\/azv-buetzfleth-assel.de\/index.php?rest_route=\/wp\/v2\/types\/page"}],"author":[{"embeddable":true,"href":"https:\/\/azv-buetzfleth-assel.de\/index.php?rest_route=\/wp\/v2\/users\/1"}],"replies":[{"embeddable":true,"href":"https:\/\/azv-buetzfleth-assel.de\/index.php?rest_route=%2Fwp%2Fv2%2Fcomments&post=7"}],"version-history":[{"count":6,"href":"https:\/\/azv-buetzfleth-assel.de\/index.php?rest_route=\/wp\/v2\/pages\/7\/revisions"}],"predecessor-version":[{"id":207,"href":"https:\/\/azv-buetzfleth-assel.de\/index.php?rest_route=\/wp\/v2\/pages\/7\/revisions\/207"}],"wp:attachment":[{"href":"https:\/\/azv-buetzfleth-assel.de\/index.php?rest_route=%2Fwp%2Fv2%2Fmedia&parent=7"}],"curies":[{"name":"wp","href":"https:\/\/api.w.org\/{rel}","templated":true}]}}