{"id":9,"date":"2021-11-22T20:17:52","date_gmt":"2021-11-22T20:17:52","guid":{"rendered":"https:\/\/azv-buetzfleth-assel.de\/2021\/?page_id=9"},"modified":"2025-11-13T08:24:52","modified_gmt":"2025-11-13T08:24:52","slug":"kontakt","status":"publish","type":"page","link":"https:\/\/azv-buetzfleth-assel.de\/?page_id=9","title":{"rendered":"Kontakt"},"content":{"rendered":"\n<p>&nbsp;<\/p>\n\n\n\n<div style=\"height:40px\" aria-hidden=\"true\" class=\"wp-block-spacer\"><\/div>\n\n\n\n<p class=\"has-medium-font-size\"><strong>Ihre Ansprechpartner<\/strong><\/p>\n\n\n\n<div style=\"height:25px\" aria-hidden=\"true\" class=\"wp-block-spacer\"><\/div>\n\n\n\n<p><strong>Frau Malis Br\u00f6cker<\/strong><br>Gesch\u00e4ftsf\u00fchrerin<br>(Mo. &amp; Mi. vormittags)<\/p>\n\n\n\n<div style=\"height:20px\" aria-hidden=\"true\" class=\"wp-block-spacer\"><\/div>\n\n\n\n<p><strong>Herr Wilfried Barwig<\/strong><br>Verbandsvorsteher<br>(Mo., Mi. &amp; Do. vormittags)<\/p>\n\n\n\n<div style=\"height:20px\" aria-hidden=\"true\" class=\"wp-block-spacer\"><\/div>\n\n\n\n<p><strong>Frau Madeleine Schmidt<\/strong><br>Buchhaltung\/allgemeine Verwaltung<br>(Mo.-Do. vormittags)<\/p>\n\n\n\n<div style=\"height:20px\" aria-hidden=\"true\" class=\"wp-block-spacer\"><\/div>\n\n\n\n<hr class=\"wp-block-separator has-text-color has-cyan-bluish-gray-color has-alpha-channel-opacity has-cyan-bluish-gray-background-color has-background is-style-wide\"\/>\n\n\n\n<div style=\"height:20px\" aria-hidden=\"true\" class=\"wp-block-spacer\"><\/div>\n\n\n\n<p><strong>Abwasserzweckverband B\u00fctzfleth\/Assel<\/strong><br>Kirchstr. 13<br>21683 Stade\/B\u00fctzfleth<br>Tel.: 04146 \u2013 5999<br>Fax: 04146 \u2013 929655<br>E-Mail: azv@buetzfleth.de<\/p>\n\n\n\n<p><strong>Notfalltelefon: 0170 \u2013 815 34 75<\/strong><\/p>\n\n\n\n<p><strong>B\u00fcrozeiten:<\/strong><br>Montag bis Donnerstag: 9:00 Uhr \u2013 12:00 Uhr<br>Freitag: geschlossen<\/p>\n\n\n\n<p>Damit wir auch wirklich Zeit f\u00fcr Ihr Anliegen haben, vereinbaren Sie gerne zu den angegebenen \u00d6ffnungszeiten einen Termin.<\/p>\n","protected":false},"excerpt":{"rendered":"<p>&nbsp; Ihre Ansprechpartner Frau Malis Br\u00f6ckerGesch\u00e4ftsf\u00fchrerin(Mo. &amp; Mi. vormittags) Herr Wilfried BarwigVerbandsvorsteher(Mo., Mi. &amp; Do. vormittags) Frau Madeleine SchmidtBuchhaltung\/allgemeine Verwaltung(Mo.-Do. vormittags) Abwasserzweckverband B\u00fctzfleth\/AsselKirchstr. 1321683 Stade\/B\u00fctzflethTel.: 04146 \u2013 5999Fax: 04146 \u2013 929655E-Mail: azv@buetzfleth.de Notfalltelefon: 0170 \u2013 815 34 75 B\u00fcrozeiten:Montag bis Donnerstag: 9:00 Uhr \u2013 12:00 UhrFreitag: geschlossen Damit wir auch wirklich Zeit f\u00fcr Ihr Anliegen [&hellip;]<\/p>\n","protected":false},"author":1,"featured_media":0,"parent":0,"menu_order":0,"comment_status":"closed","ping_status":"closed","template":"","meta":{"footnotes":""},"class_list":["post-9","page","type-page","status-publish","hentry"],"_links":{"self":[{"href":"https:\/\/azv-buetzfleth-assel.de\/index.php?rest_route=\/wp\/v2\/pages\/9","targetHints":{"allow":["GET"]}}],"collection":[{"href":"https:\/\/azv-buetzfleth-assel.de\/index.php?rest_route=\/wp\/v2\/pages"}],"about":[{"href":"https:\/\/azv-buetzfleth-assel.de\/index.php?rest_route=\/wp\/v2\/types\/page"}],"author":[{"embeddable":true,"href":"https:\/\/azv-buetzfleth-assel.de\/index.php?rest_route=\/wp\/v2\/users\/1"}],"replies":[{"embeddable":true,"href":"https:\/\/azv-buetzfleth-assel.de\/index.php?rest_route=%2Fwp%2Fv2%2Fcomments&post=9"}],"version-history":[{"count":29,"href":"https:\/\/azv-buetzfleth-assel.de\/index.php?rest_route=\/wp\/v2\/pages\/9\/revisions"}],"predecessor-version":[{"id":217,"href":"https:\/\/azv-buetzfleth-assel.de\/index.php?rest_route=\/wp\/v2\/pages\/9\/revisions\/217"}],"wp:attachment":[{"href":"https:\/\/azv-buetzfleth-assel.de\/index.php?rest_route=%2Fwp%2Fv2%2Fmedia&parent=9"}],"curies":[{"name":"wp","href":"https:\/\/api.w.org\/{rel}","templated":true}]}}